{"id":751,"date":"2025-10-14T11:26:12","date_gmt":"2025-10-14T09:26:12","guid":{"rendered":"https:\/\/gelada.com\/producte\/corteza-de-panceta\/"},"modified":"2025-10-14T11:26:12","modified_gmt":"2025-10-14T09:26:12","slug":"corteza-de-panceta","status":"publish","type":"product","link":"https:\/\/gelada.com\/es\/producte\/corteza-de-panceta\/","title":{"rendered":"Corteza de Panceta"},"content":{"rendered":"<p>Piel de panceta de cerdo cruda, un producto vers\u00e1til y de calidad destinado a profesionales del sector c\u00e1rnico y de la transformaci\u00f3n alimentaria. Ideal como materia prima para elaboraciones propias y procesos industriales.<\/p>\n","protected":false},"excerpt":{"rendered":"<p>Piel de panceta de cerdo cruda, un producto vers\u00e1til y de calidad destinado a profesionales del sector c\u00e1rnico y de la transformaci\u00f3n alimentaria. Ideal como materia prima para elaboraciones propias y procesos industriales.<\/p>\n","protected":false},"featured_media":437,"comment_status":"open","ping_status":"closed","template":"","meta":[],"product_brand":[],"product_cat":[44,43],"product_tag":[],"class_list":{"0":"post-751","1":"product","2":"type-product","3":"status-publish","4":"has-post-thumbnail","6":"product_cat-grasas-y-cortezas","7":"product_cat-porcino","9":"first","10":"instock","11":"shipping-taxable","12":"product-type-simple"},"yoast_head":"<!-- This site is optimized with the Yoast SEO plugin v27.3 - https:\/\/yoast.com\/product\/yoast-seo-wordpress\/ -->\n<title>Corteza de Panceta - Frigor\u00edfics Gelada<\/title>\n<meta name=\"robots\" content=\"index, follow, max-snippet:-1, max-image-preview:large, max-video-preview:-1\" \/>\n<link rel=\"canonical\" href=\"https:\/\/gelada.com\/es\/producte\/corteza-de-panceta\/\" \/>\n<meta property=\"og:locale\" content=\"es_ES\" \/>\n<meta property=\"og:type\" content=\"article\" \/>\n<meta property=\"og:title\" content=\"Corteza de Panceta - Frigor\u00edfics Gelada\" \/>\n<meta property=\"og:description\" content=\"Piel de panceta de cerdo cruda, un producto vers\u00e1til y de calidad destinado a profesionales del sector c\u00e1rnico y de la transformaci\u00f3n alimentaria. Ideal como materia prima para elaboraciones propias y procesos industriales.\" \/>\n<meta property=\"og:url\" content=\"https:\/\/gelada.com\/es\/producte\/corteza-de-panceta\/\" \/>\n<meta property=\"og:site_name\" content=\"Frigor\u00edfics Gelada\" \/>\n<meta property=\"og:image\" content=\"https:\/\/gelada.com\/wp-content\/uploads\/2025\/10\/48_z.jpeg\" \/>\n\t<meta property=\"og:image:width\" content=\"800\" \/>\n\t<meta property=\"og:image:height\" content=\"533\" \/>\n\t<meta property=\"og:image:type\" content=\"image\/jpeg\" \/>\n<meta name=\"twitter:card\" content=\"summary_large_image\" \/>\n<script type=\"application\/ld+json\" class=\"yoast-schema-graph\">{\"@context\":\"https:\\\/\\\/schema.org\",\"@graph\":[{\"@type\":\"WebPage\",\"@id\":\"https:\\\/\\\/gelada.com\\\/es\\\/producte\\\/corteza-de-panceta\\\/\",\"url\":\"https:\\\/\\\/gelada.com\\\/es\\\/producte\\\/corteza-de-panceta\\\/\",\"name\":\"Corteza de Panceta - Frigor\u00edfics Gelada\",\"isPartOf\":{\"@id\":\"https:\\\/\\\/gelada.com\\\/es\\\/#website\"},\"primaryImageOfPage\":{\"@id\":\"https:\\\/\\\/gelada.com\\\/es\\\/producte\\\/corteza-de-panceta\\\/#primaryimage\"},\"image\":{\"@id\":\"https:\\\/\\\/gelada.com\\\/es\\\/producte\\\/corteza-de-panceta\\\/#primaryimage\"},\"thumbnailUrl\":\"https:\\\/\\\/gelada.com\\\/wp-content\\\/uploads\\\/2025\\\/10\\\/48_z.jpeg\",\"datePublished\":\"2025-10-14T09:26:12+00:00\",\"breadcrumb\":{\"@id\":\"https:\\\/\\\/gelada.com\\\/es\\\/producte\\\/corteza-de-panceta\\\/#breadcrumb\"},\"inLanguage\":\"es\",\"potentialAction\":[{\"@type\":\"ReadAction\",\"target\":[\"https:\\\/\\\/gelada.com\\\/es\\\/producte\\\/corteza-de-panceta\\\/\"]}]},{\"@type\":\"ImageObject\",\"inLanguage\":\"es\",\"@id\":\"https:\\\/\\\/gelada.com\\\/es\\\/producte\\\/corteza-de-panceta\\\/#primaryimage\",\"url\":\"https:\\\/\\\/gelada.com\\\/wp-content\\\/uploads\\\/2025\\\/10\\\/48_z.jpeg\",\"contentUrl\":\"https:\\\/\\\/gelada.com\\\/wp-content\\\/uploads\\\/2025\\\/10\\\/48_z.jpeg\",\"width\":800,\"height\":533,\"caption\":\"Cotna panxeta\"},{\"@type\":\"BreadcrumbList\",\"@id\":\"https:\\\/\\\/gelada.com\\\/es\\\/producte\\\/corteza-de-panceta\\\/#breadcrumb\",\"itemListElement\":[{\"@type\":\"ListItem\",\"position\":1,\"name\":\"Inici\",\"item\":\"https:\\\/\\\/gelada.com\\\/es\\\/\"},{\"@type\":\"ListItem\",\"position\":2,\"name\":\"Cat\u00e1logo\",\"item\":\"https:\\\/\\\/gelada.com\\\/es\\\/tienda\\\/\"},{\"@type\":\"ListItem\",\"position\":3,\"name\":\"Corteza de Panceta\"}]},{\"@type\":\"WebSite\",\"@id\":\"https:\\\/\\\/gelada.com\\\/es\\\/#website\",\"url\":\"https:\\\/\\\/gelada.com\\\/es\\\/\",\"name\":\"Frigor\u00edfics Gelada\",\"description\":\"Magatzem frigor\u00edfic especialitzat\",\"publisher\":{\"@id\":\"https:\\\/\\\/gelada.com\\\/es\\\/#organization\"},\"potentialAction\":[{\"@type\":\"SearchAction\",\"target\":{\"@type\":\"EntryPoint\",\"urlTemplate\":\"https:\\\/\\\/gelada.com\\\/es\\\/?s={search_term_string}\"},\"query-input\":{\"@type\":\"PropertyValueSpecification\",\"valueRequired\":true,\"valueName\":\"search_term_string\"}}],\"inLanguage\":\"es\"},{\"@type\":\"Organization\",\"@id\":\"https:\\\/\\\/gelada.com\\\/es\\\/#organization\",\"name\":\"Frigor\u00edfics Gelada\",\"url\":\"https:\\\/\\\/gelada.com\\\/es\\\/\",\"logo\":{\"@type\":\"ImageObject\",\"inLanguage\":\"es\",\"@id\":\"https:\\\/\\\/gelada.com\\\/es\\\/#\\\/schema\\\/logo\\\/image\\\/\",\"url\":\"https:\\\/\\\/gelada.com\\\/wp-content\\\/uploads\\\/2025\\\/10\\\/Logo-Gelada.webp\",\"contentUrl\":\"https:\\\/\\\/gelada.com\\\/wp-content\\\/uploads\\\/2025\\\/10\\\/Logo-Gelada.webp\",\"width\":434,\"height\":112,\"caption\":\"Frigor\u00edfics Gelada\"},\"image\":{\"@id\":\"https:\\\/\\\/gelada.com\\\/es\\\/#\\\/schema\\\/logo\\\/image\\\/\"}}]}<\/script>\n<!-- \/ Yoast SEO plugin. -->","yoast_head_json":{"title":"Corteza de Panceta - Frigor\u00edfics Gelada","robots":{"index":"index","follow":"follow","max-snippet":"max-snippet:-1","max-image-preview":"max-image-preview:large","max-video-preview":"max-video-preview:-1"},"canonical":"https:\/\/gelada.com\/es\/producte\/corteza-de-panceta\/","og_locale":"es_ES","og_type":"article","og_title":"Corteza de Panceta - Frigor\u00edfics Gelada","og_description":"Piel de panceta de cerdo cruda, un producto vers\u00e1til y de calidad destinado a profesionales del sector c\u00e1rnico y de la transformaci\u00f3n alimentaria. Ideal como materia prima para elaboraciones propias y procesos industriales.","og_url":"https:\/\/gelada.com\/es\/producte\/corteza-de-panceta\/","og_site_name":"Frigor\u00edfics Gelada","og_image":[{"width":800,"height":533,"url":"https:\/\/gelada.com\/wp-content\/uploads\/2025\/10\/48_z.jpeg","type":"image\/jpeg"}],"twitter_card":"summary_large_image","schema":{"@context":"https:\/\/schema.org","@graph":[{"@type":"WebPage","@id":"https:\/\/gelada.com\/es\/producte\/corteza-de-panceta\/","url":"https:\/\/gelada.com\/es\/producte\/corteza-de-panceta\/","name":"Corteza de Panceta - Frigor\u00edfics Gelada","isPartOf":{"@id":"https:\/\/gelada.com\/es\/#website"},"primaryImageOfPage":{"@id":"https:\/\/gelada.com\/es\/producte\/corteza-de-panceta\/#primaryimage"},"image":{"@id":"https:\/\/gelada.com\/es\/producte\/corteza-de-panceta\/#primaryimage"},"thumbnailUrl":"https:\/\/gelada.com\/wp-content\/uploads\/2025\/10\/48_z.jpeg","datePublished":"2025-10-14T09:26:12+00:00","breadcrumb":{"@id":"https:\/\/gelada.com\/es\/producte\/corteza-de-panceta\/#breadcrumb"},"inLanguage":"es","potentialAction":[{"@type":"ReadAction","target":["https:\/\/gelada.com\/es\/producte\/corteza-de-panceta\/"]}]},{"@type":"ImageObject","inLanguage":"es","@id":"https:\/\/gelada.com\/es\/producte\/corteza-de-panceta\/#primaryimage","url":"https:\/\/gelada.com\/wp-content\/uploads\/2025\/10\/48_z.jpeg","contentUrl":"https:\/\/gelada.com\/wp-content\/uploads\/2025\/10\/48_z.jpeg","width":800,"height":533,"caption":"Cotna panxeta"},{"@type":"BreadcrumbList","@id":"https:\/\/gelada.com\/es\/producte\/corteza-de-panceta\/#breadcrumb","itemListElement":[{"@type":"ListItem","position":1,"name":"Inici","item":"https:\/\/gelada.com\/es\/"},{"@type":"ListItem","position":2,"name":"Cat\u00e1logo","item":"https:\/\/gelada.com\/es\/tienda\/"},{"@type":"ListItem","position":3,"name":"Corteza de Panceta"}]},{"@type":"WebSite","@id":"https:\/\/gelada.com\/es\/#website","url":"https:\/\/gelada.com\/es\/","name":"Frigor\u00edfics Gelada","description":"Magatzem frigor\u00edfic especialitzat","publisher":{"@id":"https:\/\/gelada.com\/es\/#organization"},"potentialAction":[{"@type":"SearchAction","target":{"@type":"EntryPoint","urlTemplate":"https:\/\/gelada.com\/es\/?s={search_term_string}"},"query-input":{"@type":"PropertyValueSpecification","valueRequired":true,"valueName":"search_term_string"}}],"inLanguage":"es"},{"@type":"Organization","@id":"https:\/\/gelada.com\/es\/#organization","name":"Frigor\u00edfics Gelada","url":"https:\/\/gelada.com\/es\/","logo":{"@type":"ImageObject","inLanguage":"es","@id":"https:\/\/gelada.com\/es\/#\/schema\/logo\/image\/","url":"https:\/\/gelada.com\/wp-content\/uploads\/2025\/10\/Logo-Gelada.webp","contentUrl":"https:\/\/gelada.com\/wp-content\/uploads\/2025\/10\/Logo-Gelada.webp","width":434,"height":112,"caption":"Frigor\u00edfics Gelada"},"image":{"@id":"https:\/\/gelada.com\/es\/#\/schema\/logo\/image\/"}}]}},"_links":{"self":[{"href":"https:\/\/gelada.com\/es\/wp-json\/wp\/v2\/product\/751","targetHints":{"allow":["GET"]}}],"collection":[{"href":"https:\/\/gelada.com\/es\/wp-json\/wp\/v2\/product"}],"about":[{"href":"https:\/\/gelada.com\/es\/wp-json\/wp\/v2\/types\/product"}],"replies":[{"embeddable":true,"href":"https:\/\/gelada.com\/es\/wp-json\/wp\/v2\/comments?post=751"}],"wp:featuredmedia":[{"embeddable":true,"href":"https:\/\/gelada.com\/es\/wp-json\/wp\/v2\/media\/437"}],"wp:attachment":[{"href":"https:\/\/gelada.com\/es\/wp-json\/wp\/v2\/media?parent=751"}],"wp:term":[{"taxonomy":"product_brand","embeddable":true,"href":"https:\/\/gelada.com\/es\/wp-json\/wp\/v2\/product_brand?post=751"},{"taxonomy":"product_cat","embeddable":true,"href":"https:\/\/gelada.com\/es\/wp-json\/wp\/v2\/product_cat?post=751"},{"taxonomy":"product_tag","embeddable":true,"href":"https:\/\/gelada.com\/es\/wp-json\/wp\/v2\/product_tag?post=751"}],"curies":[{"name":"wp","href":"https:\/\/api.w.org\/{rel}","templated":true}]}}